{"id":1285,"date":"2016-09-23T14:52:56","date_gmt":"2016-09-23T12:52:56","guid":{"rendered":"https:\/\/gite-flottant.fr\/houseboats-for-rent-in-brittany\/"},"modified":"2022-04-29T17:06:53","modified_gmt":"2022-04-29T15:06:53","slug":"hebergements-gites-flottants-bretagne","status":"publish","type":"page","link":"https:\/\/gite-flottant.fr\/en\/","title":{"rendered":"Houseboats for rent in Brittany"},"content":{"rendered":"","protected":false},"excerpt":{"rendered":"","protected":false},"author":1,"featured_media":0,"parent":0,"menu_order":1,"comment_status":"closed","ping_status":"closed","template":"","meta":{"_acf_changed":false,"jetpack_post_was_ever_published":false,"footnotes":""},"class_list":["post-1285","page","type-page","status-publish","hentry"],"acf":[],"yoast_head":"<!-- This site is optimized with the Yoast SEO plugin v23.5 - https:\/\/yoast.com\/wordpress\/plugins\/seo\/ -->\n<title>Houseboats for rent in Brittany - Ti War An Dour - Maisons sur l&#039;eau<\/title>\n<meta name=\"description\" content=\"Locations d&#039;h\u00e9bergements en g\u00eetes flottants, bateaux \u00e9lectriques, v\u00e9los avec assistance \u00e9lectrique. Sur le Canal de Nantes \u00e0 Brest, \u00e0 Guegon - Morbihan (56)\" \/>\n<meta name=\"robots\" content=\"index, follow, max-snippet:-1, max-image-preview:large, max-video-preview:-1\" \/>\n<link rel=\"canonical\" href=\"https:\/\/gite-flottant.fr\/en\/\" \/>\n<meta property=\"og:locale\" content=\"en_US\" \/>\n<meta property=\"og:type\" content=\"article\" \/>\n<meta property=\"og:title\" content=\"Houseboats for rent in Brittany - Ti War An Dour - Maisons sur l&#039;eau\" \/>\n<meta property=\"og:description\" content=\"Locations d&#039;h\u00e9bergements en g\u00eetes flottants, bateaux \u00e9lectriques, v\u00e9los avec assistance \u00e9lectrique. Sur le Canal de Nantes \u00e0 Brest, \u00e0 Guegon - Morbihan (56)\" \/>\n<meta property=\"og:url\" content=\"https:\/\/gite-flottant.fr\/en\/\" \/>\n<meta property=\"og:site_name\" content=\"Ti War An Dour - Maisons sur l&#039;eau\" \/>\n<meta property=\"article:modified_time\" content=\"2022-04-29T15:06:53+00:00\" \/>\n<meta property=\"og:image\" content=\"https:\/\/gite-flottant.fr\/wp-content\/uploads\/2017\/05\/gites-flottants-ti-war-an-dour-10.jpg\" \/>\n\t<meta property=\"og:image:width\" content=\"1025\" \/>\n\t<meta property=\"og:image:height\" content=\"768\" \/>\n\t<meta property=\"og:image:type\" content=\"image\/jpeg\" \/>\n<meta name=\"twitter:card\" content=\"summary_large_image\" \/>\n<script type=\"application\/ld+json\" class=\"yoast-schema-graph\">{\"@context\":\"https:\/\/schema.org\",\"@graph\":[{\"@type\":\"WebPage\",\"@id\":\"https:\/\/gite-flottant.fr\/en\/\",\"url\":\"https:\/\/gite-flottant.fr\/en\/\",\"name\":\"Houseboats for rent in Brittany - Ti War An Dour - Maisons sur l&#039;eau\",\"isPartOf\":{\"@id\":\"https:\/\/gite-flottant.fr\/en\/#website\"},\"datePublished\":\"2016-09-23T12:52:56+00:00\",\"dateModified\":\"2022-04-29T15:06:53+00:00\",\"description\":\"Locations d'h\u00e9bergements en g\u00eetes flottants, bateaux \u00e9lectriques, v\u00e9los avec assistance \u00e9lectrique. Sur le Canal de Nantes \u00e0 Brest, \u00e0 Guegon - Morbihan (56)\",\"breadcrumb\":{\"@id\":\"https:\/\/gite-flottant.fr\/en\/#breadcrumb\"},\"inLanguage\":\"en-US\",\"potentialAction\":[{\"@type\":\"ReadAction\",\"target\":[\"https:\/\/gite-flottant.fr\/en\/\"]}]},{\"@type\":\"BreadcrumbList\",\"@id\":\"https:\/\/gite-flottant.fr\/en\/#breadcrumb\",\"itemListElement\":[{\"@type\":\"ListItem\",\"position\":1,\"name\":\"Accueil\",\"item\":\"https:\/\/gite-flottant.fr\/en\/\"},{\"@type\":\"ListItem\",\"position\":2,\"name\":\"Houseboats for rent in Brittany\"}]},{\"@type\":\"WebSite\",\"@id\":\"https:\/\/gite-flottant.fr\/en\/#website\",\"url\":\"https:\/\/gite-flottant.fr\/en\/\",\"name\":\"Ti War An Dour - Maisons sur l&#039;eau\",\"description\":\"H\u00e9bergements insolites flottants Bretagne\",\"potentialAction\":[{\"@type\":\"SearchAction\",\"target\":{\"@type\":\"EntryPoint\",\"urlTemplate\":\"https:\/\/gite-flottant.fr\/en\/?s={search_term_string}\"},\"query-input\":{\"@type\":\"PropertyValueSpecification\",\"valueRequired\":true,\"valueName\":\"search_term_string\"}}],\"inLanguage\":\"en-US\"}]}<\/script>\n<!-- \/ Yoast SEO plugin. -->","yoast_head_json":{"title":"Houseboats for rent in Brittany - Ti War An Dour - Maisons sur l&#039;eau","description":"Locations d'h\u00e9bergements en g\u00eetes flottants, bateaux \u00e9lectriques, v\u00e9los avec assistance \u00e9lectrique. Sur le Canal de Nantes \u00e0 Brest, \u00e0 Guegon - Morbihan (56)","robots":{"index":"index","follow":"follow","max-snippet":"max-snippet:-1","max-image-preview":"max-image-preview:large","max-video-preview":"max-video-preview:-1"},"canonical":"https:\/\/gite-flottant.fr\/en\/","og_locale":"en_US","og_type":"article","og_title":"Houseboats for rent in Brittany - Ti War An Dour - Maisons sur l&#039;eau","og_description":"Locations d'h\u00e9bergements en g\u00eetes flottants, bateaux \u00e9lectriques, v\u00e9los avec assistance \u00e9lectrique. Sur le Canal de Nantes \u00e0 Brest, \u00e0 Guegon - Morbihan (56)","og_url":"https:\/\/gite-flottant.fr\/en\/","og_site_name":"Ti War An Dour - Maisons sur l&#039;eau","article_modified_time":"2022-04-29T15:06:53+00:00","og_image":[{"width":1025,"height":768,"url":"https:\/\/gite-flottant.fr\/wp-content\/uploads\/2017\/05\/gites-flottants-ti-war-an-dour-10.jpg","type":"image\/jpeg"}],"twitter_card":"summary_large_image","schema":{"@context":"https:\/\/schema.org","@graph":[{"@type":"WebPage","@id":"https:\/\/gite-flottant.fr\/en\/","url":"https:\/\/gite-flottant.fr\/en\/","name":"Houseboats for rent in Brittany - Ti War An Dour - Maisons sur l&#039;eau","isPartOf":{"@id":"https:\/\/gite-flottant.fr\/en\/#website"},"datePublished":"2016-09-23T12:52:56+00:00","dateModified":"2022-04-29T15:06:53+00:00","description":"Locations d'h\u00e9bergements en g\u00eetes flottants, bateaux \u00e9lectriques, v\u00e9los avec assistance \u00e9lectrique. Sur le Canal de Nantes \u00e0 Brest, \u00e0 Guegon - Morbihan (56)","breadcrumb":{"@id":"https:\/\/gite-flottant.fr\/en\/#breadcrumb"},"inLanguage":"en-US","potentialAction":[{"@type":"ReadAction","target":["https:\/\/gite-flottant.fr\/en\/"]}]},{"@type":"BreadcrumbList","@id":"https:\/\/gite-flottant.fr\/en\/#breadcrumb","itemListElement":[{"@type":"ListItem","position":1,"name":"Accueil","item":"https:\/\/gite-flottant.fr\/en\/"},{"@type":"ListItem","position":2,"name":"Houseboats for rent in Brittany"}]},{"@type":"WebSite","@id":"https:\/\/gite-flottant.fr\/en\/#website","url":"https:\/\/gite-flottant.fr\/en\/","name":"Ti War An Dour - Maisons sur l&#039;eau","description":"H\u00e9bergements insolites flottants Bretagne","potentialAction":[{"@type":"SearchAction","target":{"@type":"EntryPoint","urlTemplate":"https:\/\/gite-flottant.fr\/en\/?s={search_term_string}"},"query-input":{"@type":"PropertyValueSpecification","valueRequired":true,"valueName":"search_term_string"}}],"inLanguage":"en-US"}]}},"jetpack_sharing_enabled":true,"jetpack_shortlink":"https:\/\/wp.me\/P8nqHB-kJ","_links":{"self":[{"href":"https:\/\/gite-flottant.fr\/en\/wp-json\/wp\/v2\/pages\/1285"}],"collection":[{"href":"https:\/\/gite-flottant.fr\/en\/wp-json\/wp\/v2\/pages"}],"about":[{"href":"https:\/\/gite-flottant.fr\/en\/wp-json\/wp\/v2\/types\/page"}],"author":[{"embeddable":true,"href":"https:\/\/gite-flottant.fr\/en\/wp-json\/wp\/v2\/users\/1"}],"replies":[{"embeddable":true,"href":"https:\/\/gite-flottant.fr\/en\/wp-json\/wp\/v2\/comments?post=1285"}],"version-history":[{"count":0,"href":"https:\/\/gite-flottant.fr\/en\/wp-json\/wp\/v2\/pages\/1285\/revisions"}],"wp:attachment":[{"href":"https:\/\/gite-flottant.fr\/en\/wp-json\/wp\/v2\/media?parent=1285"}],"curies":[{"name":"wp","href":"https:\/\/api.w.org\/{rel}","templated":true}]}}