{"id":1329,"date":"2019-08-30T16:47:55","date_gmt":"2019-08-30T14:47:55","guid":{"rendered":"https:\/\/gite-flottant.fr\/electric-boats-rentals\/"},"modified":"2026-04-13T10:51:49","modified_gmt":"2026-04-13T08:51:49","slug":"electric-boats-rentals","status":"publish","type":"page","link":"https:\/\/gite-flottant.fr\/en\/electric-boats-rentals\/","title":{"rendered":"Electric boats rentals"},"content":{"rendered":"<h2 style=\"text-align: center;\"><span style=\"font-weight: 400;\">A different experience on the water<\/span><\/h2>\n<h2 style=\"text-align: center;\"><span style=\"font-weight: 400;\">Welcome aboard the Nantes-Brest Canal with our electric boats<\/span>\u2026<\/h2>\n<p><iframe title=\"Ti WAR AN DOUR BATEAUX ELECTRIQUES\" width=\"640\" height=\"360\" src=\"https:\/\/www.youtube.com\/embed\/XrxEF_Ta758?feature=oembed\" frameborder=\"0\" allow=\"accelerometer; autoplay; clipboard-write; encrypted-media; gyroscope; picture-in-picture; web-share\" referrerpolicy=\"strict-origin-when-cross-origin\" allowfullscreen><\/iframe><\/p>\n<div id='gallery-1' class='gallery galleryid-1329 gallery-columns-4 gallery-size-thumbnail'><figure class='gallery-item'>\n\t\t\t<div class='gallery-icon portrait'>\n\t\t\t\t<a href='https:\/\/gite-flottant.fr\/wp-content\/uploads\/2016\/09\/4539653261_90a9676c0e_o.jpg'><img decoding=\"async\" width=\"300\" height=\"300\" src=\"https:\/\/gite-flottant.fr\/wp-content\/uploads\/2016\/09\/4539653261_90a9676c0e_o-300x300.jpg\" class=\"attachment-thumbnail size-thumbnail\" alt=\"\" aria-describedby=\"gallery-1-1336\" \/><\/a>\n\t\t\t<\/div>\n\t\t\t\t<figcaption class='wp-caption-text gallery-caption' id='gallery-1-1336'>\n\t\t\t\tCastle of Josselin\n\t\t\t\t<\/figcaption><\/figure><figure class='gallery-item'>\n\t\t\t<div class='gallery-icon landscape'>\n\t\t\t\t<a href='https:\/\/gite-flottant.fr\/wp-content\/uploads\/2019\/01\/bateauElect_canal-josselin-45-18-\u00a9Emmanuel-Berthier.jpg'><img decoding=\"async\" width=\"300\" height=\"300\" src=\"https:\/\/gite-flottant.fr\/wp-content\/uploads\/2019\/01\/bateauElect_canal-josselin-45-18-\u00a9Emmanuel-Berthier-300x300.jpg\" class=\"attachment-thumbnail size-thumbnail\" alt=\"\" \/><\/a>\n\t\t\t<\/div><\/figure><figure class='gallery-item'>\n\t\t\t<div class='gallery-icon landscape'>\n\t\t\t\t<a href='https:\/\/gite-flottant.fr\/wp-content\/uploads\/2019\/01\/bateauElect_canal-josselin-57-18-\u00a9Emmanuel-Berthier.jpg'><img decoding=\"async\" width=\"300\" height=\"300\" src=\"https:\/\/gite-flottant.fr\/wp-content\/uploads\/2019\/01\/bateauElect_canal-josselin-57-18-\u00a9Emmanuel-Berthier-300x300.jpg\" class=\"attachment-thumbnail size-thumbnail\" alt=\"\" \/><\/a>\n\t\t\t<\/div><\/figure><figure class='gallery-item'>\n\t\t\t<div class='gallery-icon landscape'>\n\t\t\t\t<a href='https:\/\/gite-flottant.fr\/wp-content\/uploads\/2019\/01\/bateauElect_canal-josselin-41-18-\u00a9Emmanuel-Berthier.jpg'><img decoding=\"async\" width=\"300\" height=\"300\" src=\"https:\/\/gite-flottant.fr\/wp-content\/uploads\/2019\/01\/bateauElect_canal-josselin-41-18-\u00a9Emmanuel-Berthier-300x300.jpg\" class=\"attachment-thumbnail size-thumbnail\" alt=\"bateaux \u00e9lectriques Josselin\" \/><\/a>\n\t\t\t<\/div><\/figure>\n\t\t<\/div>\n\n<p><span style=\"color: #01557a; font-family: Dosis, arial, tahoma, sans-serif; font-size: 22px; font-weight: 500;\"><span style=\"font-weight: 400;\">Enjo<\/span><span style=\"font-weight: 400;\">y the best view of Josselin aboard our quiet electric boats<\/span><\/span><\/p>\n<p><span style=\"font-weight: 400;\">These boats are equipped with silent and performant engines so that you can sail quietly. We propose to appreciate the canal between the two locks bordering the little town of Josselin.\u00a0<\/span><\/p>\n<p><span style=\"font-weight: 400;\">And as the boats are easy to navigate, every member of the family can be a real pleasure sailor on this <\/span><a href=\"https:\/\/www.tourismebretagne.com\/a-voir-a-faire\/decouverte-nature\/canaux-de-bretagne\"><span style=\"font-weight: 400;\">beautiful cana<\/span><span style=\"font-weight: 400;\">l<\/span><\/a><span style=\"font-weight: 400;\">.<\/span><\/p>\n<p><strong>Starting point for the &#8220;discovery&#8221; tour<\/strong><\/p>\n<p>Ti War An Dour offers you the opportunity to hire an electric boat from the nautical base on the Quai fluvial in Josselin (at the foot of the ch\u00e2teau).<\/p>\n<p><span style=\"font-weight: 400;\">Located in Josselin&#8217;s river port, at the bottom of the chateau, Ti war An Dour offers to rent electric boats.Two types of boats are available:<\/span><\/p>\n<ul>\n<li style=\"font-weight: 400;\"><span style=\"font-weight: 400;\">The <\/span><span style=\"font-weight: 400;\">ACE<\/span><span style=\"font-weight: 400;\"> with a carrying capacity of 5 persons <\/span><span style=\"font-weight: 400;\"><br \/>\n<\/span><\/li>\n<li style=\"font-weight: 400;\"><span style=\"font-weight: 400;\">The <\/span><span style=\"font-weight: 400;\">SCOOP<\/span><span style=\"font-weight: 400;\"> with a carrying capacity of 7 persons\u00a0<\/span><\/li>\n<\/ul>\n<div class=\"zilla-1-2\">\n<p><iframe title=\"l&#039;ACE, craquez pour ses formes ! - Bateau \u00e9lectrique - Ruban Bleu\" width=\"640\" height=\"360\" src=\"https:\/\/www.youtube.com\/embed\/bLjHlVDUOkY?feature=oembed\" frameborder=\"0\" allow=\"accelerometer; autoplay; clipboard-write; encrypted-media; gyroscope; picture-in-picture; web-share\" referrerpolicy=\"strict-origin-when-cross-origin\" allowfullscreen><\/iframe><\/p><p><\/p><\/div><div class=\"zilla-1-2 zilla-column-last\">\n<p><iframe title=\"Le SCOOP d\u00e9barque en vid\u00e9o !! - Bateau \u00e9lectrique - Ruban Bleu\" width=\"640\" height=\"360\" src=\"https:\/\/www.youtube.com\/embed\/K-E6btDn4Zg?feature=oembed\" frameborder=\"0\" allow=\"accelerometer; autoplay; clipboard-write; encrypted-media; gyroscope; picture-in-picture; web-share\" referrerpolicy=\"strict-origin-when-cross-origin\" allowfullscreen><\/iframe><\/p>\n<p><\/p><\/div><div class=\"clear\"><\/div><br \/>\n<!--\n\n\n<h3 style=\"text-align: center;\"><span style=\"font-weight: 400;\">wwwwwwwwwwwwwwwww<\/span><\/h3>\n\n\n\n\n<h3 style=\"text-align: center;\"><span style=\"font-weight: 400;\">Itineraries of the electric boats<\/span> Josselin *<\/h3>\n\n\n<img decoding=\"async\" class=\"aligncenter wp-image-1209 size-full\" src=\"https:\/\/gite-flottant.fr\/wp-content\/uploads\/2019\/07\/Parcours-des-bateaux.png\" alt=\"\" width=\"2000\" height=\"1163\" srcset=\"https:\/\/gite-flottant.fr\/wp-content\/uploads\/2019\/07\/Parcours-des-bateaux.png 2000w, https:\/\/gite-flottant.fr\/wp-content\/uploads\/2019\/07\/Parcours-des-bateaux-400x233.png 400w, https:\/\/gite-flottant.fr\/wp-content\/uploads\/2019\/07\/Parcours-des-bateaux-768x447.png 768w, https:\/\/gite-flottant.fr\/wp-content\/uploads\/2019\/07\/Parcours-des-bateaux-1024x595.png 1024w\" sizes=\"(max-width: 2000px) 100vw, 2000px\" \/><span style=\"font-size: 18pt; color: #333300;\">* : A new organization of lock keepers no longer allows passage through the locks.<\/span>-->\n<p><span style=\"font-size: 18pt;\">IMPORTANT : Rentals are made directly at the ticket office ; No need to book.<\/span><\/p>\n<h3 style=\"text-align: center;\">Prices of the electric boats rentals<\/h3>\n<p style=\"text-align: center;\"><img decoding=\"async\" class=\"alignnone size-medium wp-image-1890\" src=\"https:\/\/gite-flottant.fr\/wp-content\/uploads\/2022\/04\/paiement-CB-2-400x68.jpg\" alt=\"\" width=\"400\" height=\"68\" srcset=\"https:\/\/gite-flottant.fr\/wp-content\/uploads\/2022\/04\/paiement-CB-2-400x68.jpg 400w, https:\/\/gite-flottant.fr\/wp-content\/uploads\/2022\/04\/paiement-CB-2-1024x175.jpg 1024w, https:\/\/gite-flottant.fr\/wp-content\/uploads\/2022\/04\/paiement-CB-2-768x131.jpg 768w, https:\/\/gite-flottant.fr\/wp-content\/uploads\/2022\/04\/paiement-CB-2.jpg 1248w\" sizes=\"(max-width: 400px) 100vw, 400px\" \/><\/p>\n<table style=\"width: 100%;\">\n<tbody>\n<tr>\n<td style=\"width: 99.9145%;\" colspan=\"3\">\n<h4 style=\"text-align: center;\">ELECTRIC BOATS &#8211; Quai fluvial \u00e0 JOSSELIN (56)<\/h4>\n<p style=\"text-align: center;\"><strong><b>Available from April to September &#8211; Except bad weather conditions<\/b><\/strong><\/p>\n<p><strong><b>Ticket office opening hours<\/b> :\u00a0<\/strong><\/p>\n<p><strong>Saturday and Sunday: from 1:30 pm to 6 pm low season <b>(out of summer season)<\/b><\/strong><\/p>\n<p><b>Easter holidays : from <strong>1:30 <\/strong>pm to 6pm\u00a0<\/b><\/p>\n<p><strong><b>from 11am to 6pm \u2013 every day (Summer season)<\/b><\/strong><\/p><\/td>\n<\/tr>\n<tr>\n<td style=\"width: 34.5299%;\"><\/td>\n<th style=\"width: 34.1881%;\"><strong>ACE<\/strong> \u2013 5 seats<\/th>\n<th style=\"width: 31.1965%;\"><strong>SCOOP<\/strong> \u2013 7 seats<\/th>\n<\/tr>\n<tr>\n<td style=\"width: 34.5299%;\"><strong>Josselin discovery<\/strong><\/td>\n<td style=\"width: 34.1881%;\"><strong>24 \u20ac<\/strong><\/td>\n<td style=\"width: 31.1965%;\"><strong>34 \u20ac<\/strong><\/td>\n<\/tr>\n<p><!--\n\n\n<tr>\n\n\n<td style=\"width: 122px;\">1 h<sup> 1<\/sup><\/td>\n\n\n\n\n<td style=\"width: 307px;\">39 \u20ac<\/td>\n\n\n\n\n<td style=\"width: 306px;\">50 \u20ac<\/td>\n\n\n<\/tr>\n\n\n\n\n<tr>\n\n\n<td style=\"width: 122px;\">1h30 <sup>1<\/sup><\/td>\n\n\n\n\n<td style=\"width: 307px;\">49 \u20ac<\/td>\n\n\n\n\n<td style=\"width: 306px;\">65 \u20ac<\/td>\n\n\n<\/tr>\n\n\n--><\/p>\n<tr>\n<td style=\"width: 34.5299%;\"><\/td>\n<th style=\"width: 65.3846%;\" colspan=\"2\"><strong>Summer Prices<\/strong><\/th>\n<\/tr>\n<tr>\n<td style=\"width: 34.5299%;\"><strong>Josselin discovery<\/strong><\/td>\n<td style=\"width: 34.1881%;\"><strong>30 \u20ac<\/strong><\/td>\n<td style=\"width: 31.1965%;\"><strong>39 \u20ac<\/strong><\/td>\n<\/tr>\n<\/tbody>\n<\/table>\n<p><!--<strong><sup>1<\/sup> :\u00a0 Available only outside summer holidays and subject to the regulations of the Navigable Waterways of Brittany.<\/strong>--><\/p><p style=\"text-align: center;\"><a target=\"_blank\" class=\"bouton_link bouton_link_shortcode  btn_orange \" href=\"https:\/\/gite-flottant.fr\/en\/contact-localization\/\"> Informations : +33 7 64 09 12 06<\/a><\/p>\n<p style=\"text-align: center;\">\n<\/p>","protected":false},"excerpt":{"rendered":"<p>A different experience on the water Welcome aboard the Nantes-Brest Canal with our electric boats\u2026 Enjoy the best view of Josselin aboard our quiet electric boats These boats are equipped with silent and performant engines so that you can sail quietly. We propose to appreciate the canal between the two locks bordering the little town [&hellip;]<\/p>\n","protected":false},"author":1,"featured_media":1332,"parent":0,"menu_order":5,"comment_status":"closed","ping_status":"closed","template":"","meta":{"_acf_changed":false,"jetpack_post_was_ever_published":false,"footnotes":""},"class_list":["post-1329","page","type-page","status-publish","has-post-thumbnail","hentry"],"acf":[],"yoast_head":"<!-- This site is optimized with the Yoast SEO plugin v23.5 - https:\/\/yoast.com\/wordpress\/plugins\/seo\/ -->\n<title>electric boats rentals in Josselin - Morbihan (Brittany)<\/title>\n<meta name=\"description\" content=\"Ti War An Dour offers to discover the Nantes-Brest canal on board of electric boats rentals in Josselin - Morbihan (Brittany)\" \/>\n<meta name=\"robots\" content=\"index, follow, max-snippet:-1, max-image-preview:large, max-video-preview:-1\" \/>\n<link rel=\"canonical\" href=\"https:\/\/gite-flottant.fr\/en\/electric-boats-rentals\/\" \/>\n<meta property=\"og:locale\" content=\"en_US\" \/>\n<meta property=\"og:type\" content=\"article\" \/>\n<meta property=\"og:title\" content=\"electric boats rentals in Josselin - Morbihan (Brittany)\" \/>\n<meta property=\"og:description\" content=\"Ti War An Dour offers to discover the Nantes-Brest canal on board of electric boats rentals in Josselin - Morbihan (Brittany)\" \/>\n<meta property=\"og:url\" content=\"https:\/\/gite-flottant.fr\/en\/electric-boats-rentals\/\" \/>\n<meta property=\"og:site_name\" content=\"Ti War An Dour - Maisons sur l&#039;eau\" \/>\n<meta property=\"article:modified_time\" content=\"2026-04-13T08:51:49+00:00\" \/>\n<meta property=\"og:image\" content=\"https:\/\/gite-flottant.fr\/wp-content\/uploads\/2019\/01\/bateauElect_canal-josselin-47-18-\u00a9Emmanuel-Berthier-e1547657752799.jpg\" \/>\n\t<meta property=\"og:image:width\" content=\"2000\" \/>\n\t<meta property=\"og:image:height\" content=\"798\" \/>\n\t<meta property=\"og:image:type\" content=\"image\/jpeg\" \/>\n<meta name=\"twitter:card\" content=\"summary_large_image\" \/>\n<meta name=\"twitter:label1\" content=\"Est. reading time\" \/>\n\t<meta name=\"twitter:data1\" content=\"2 minutes\" \/>\n<script type=\"application\/ld+json\" class=\"yoast-schema-graph\">{\"@context\":\"https:\/\/schema.org\",\"@graph\":[{\"@type\":\"WebPage\",\"@id\":\"https:\/\/gite-flottant.fr\/en\/electric-boats-rentals\/\",\"url\":\"https:\/\/gite-flottant.fr\/en\/electric-boats-rentals\/\",\"name\":\"electric boats rentals in Josselin - Morbihan (Brittany)\",\"isPartOf\":{\"@id\":\"https:\/\/gite-flottant.fr\/en\/#website\"},\"primaryImageOfPage\":{\"@id\":\"https:\/\/gite-flottant.fr\/en\/electric-boats-rentals\/#primaryimage\"},\"image\":{\"@id\":\"https:\/\/gite-flottant.fr\/en\/electric-boats-rentals\/#primaryimage\"},\"thumbnailUrl\":\"https:\/\/gite-flottant.fr\/wp-content\/uploads\/2019\/01\/bateauElect_canal-josselin-47-18-\u00a9Emmanuel-Berthier-e1547657752799.jpg\",\"datePublished\":\"2019-08-30T14:47:55+00:00\",\"dateModified\":\"2026-04-13T08:51:49+00:00\",\"description\":\"Ti War An Dour offers to discover the Nantes-Brest canal on board of electric boats rentals in Josselin - Morbihan (Brittany)\",\"breadcrumb\":{\"@id\":\"https:\/\/gite-flottant.fr\/en\/electric-boats-rentals\/#breadcrumb\"},\"inLanguage\":\"en-US\",\"potentialAction\":[{\"@type\":\"ReadAction\",\"target\":[\"https:\/\/gite-flottant.fr\/en\/electric-boats-rentals\/\"]}]},{\"@type\":\"ImageObject\",\"inLanguage\":\"en-US\",\"@id\":\"https:\/\/gite-flottant.fr\/en\/electric-boats-rentals\/#primaryimage\",\"url\":\"https:\/\/gite-flottant.fr\/wp-content\/uploads\/2019\/01\/bateauElect_canal-josselin-47-18-\u00a9Emmanuel-Berthier-e1547657752799.jpg\",\"contentUrl\":\"https:\/\/gite-flottant.fr\/wp-content\/uploads\/2019\/01\/bateauElect_canal-josselin-47-18-\u00a9Emmanuel-Berthier-e1547657752799.jpg\",\"width\":2000,\"height\":798},{\"@type\":\"BreadcrumbList\",\"@id\":\"https:\/\/gite-flottant.fr\/en\/electric-boats-rentals\/#breadcrumb\",\"itemListElement\":[{\"@type\":\"ListItem\",\"position\":1,\"name\":\"Accueil\",\"item\":\"https:\/\/gite-flottant.fr\/en\/\"},{\"@type\":\"ListItem\",\"position\":2,\"name\":\"Electric boats rentals\"}]},{\"@type\":\"WebSite\",\"@id\":\"https:\/\/gite-flottant.fr\/en\/#website\",\"url\":\"https:\/\/gite-flottant.fr\/en\/\",\"name\":\"Ti War An Dour - Maisons sur l&#039;eau\",\"description\":\"H\u00e9bergements insolites flottants Bretagne\",\"potentialAction\":[{\"@type\":\"SearchAction\",\"target\":{\"@type\":\"EntryPoint\",\"urlTemplate\":\"https:\/\/gite-flottant.fr\/en\/?s={search_term_string}\"},\"query-input\":{\"@type\":\"PropertyValueSpecification\",\"valueRequired\":true,\"valueName\":\"search_term_string\"}}],\"inLanguage\":\"en-US\"}]}<\/script>\n<!-- \/ Yoast SEO plugin. -->","yoast_head_json":{"title":"electric boats rentals in Josselin - Morbihan (Brittany)","description":"Ti War An Dour offers to discover the Nantes-Brest canal on board of electric boats rentals in Josselin - Morbihan (Brittany)","robots":{"index":"index","follow":"follow","max-snippet":"max-snippet:-1","max-image-preview":"max-image-preview:large","max-video-preview":"max-video-preview:-1"},"canonical":"https:\/\/gite-flottant.fr\/en\/electric-boats-rentals\/","og_locale":"en_US","og_type":"article","og_title":"electric boats rentals in Josselin - Morbihan (Brittany)","og_description":"Ti War An Dour offers to discover the Nantes-Brest canal on board of electric boats rentals in Josselin - Morbihan (Brittany)","og_url":"https:\/\/gite-flottant.fr\/en\/electric-boats-rentals\/","og_site_name":"Ti War An Dour - Maisons sur l&#039;eau","article_modified_time":"2026-04-13T08:51:49+00:00","og_image":[{"width":2000,"height":798,"url":"https:\/\/gite-flottant.fr\/wp-content\/uploads\/2019\/01\/bateauElect_canal-josselin-47-18-\u00a9Emmanuel-Berthier-e1547657752799.jpg","type":"image\/jpeg"}],"twitter_card":"summary_large_image","twitter_misc":{"Est. reading time":"2 minutes"},"schema":{"@context":"https:\/\/schema.org","@graph":[{"@type":"WebPage","@id":"https:\/\/gite-flottant.fr\/en\/electric-boats-rentals\/","url":"https:\/\/gite-flottant.fr\/en\/electric-boats-rentals\/","name":"electric boats rentals in Josselin - Morbihan (Brittany)","isPartOf":{"@id":"https:\/\/gite-flottant.fr\/en\/#website"},"primaryImageOfPage":{"@id":"https:\/\/gite-flottant.fr\/en\/electric-boats-rentals\/#primaryimage"},"image":{"@id":"https:\/\/gite-flottant.fr\/en\/electric-boats-rentals\/#primaryimage"},"thumbnailUrl":"https:\/\/gite-flottant.fr\/wp-content\/uploads\/2019\/01\/bateauElect_canal-josselin-47-18-\u00a9Emmanuel-Berthier-e1547657752799.jpg","datePublished":"2019-08-30T14:47:55+00:00","dateModified":"2026-04-13T08:51:49+00:00","description":"Ti War An Dour offers to discover the Nantes-Brest canal on board of electric boats rentals in Josselin - Morbihan (Brittany)","breadcrumb":{"@id":"https:\/\/gite-flottant.fr\/en\/electric-boats-rentals\/#breadcrumb"},"inLanguage":"en-US","potentialAction":[{"@type":"ReadAction","target":["https:\/\/gite-flottant.fr\/en\/electric-boats-rentals\/"]}]},{"@type":"ImageObject","inLanguage":"en-US","@id":"https:\/\/gite-flottant.fr\/en\/electric-boats-rentals\/#primaryimage","url":"https:\/\/gite-flottant.fr\/wp-content\/uploads\/2019\/01\/bateauElect_canal-josselin-47-18-\u00a9Emmanuel-Berthier-e1547657752799.jpg","contentUrl":"https:\/\/gite-flottant.fr\/wp-content\/uploads\/2019\/01\/bateauElect_canal-josselin-47-18-\u00a9Emmanuel-Berthier-e1547657752799.jpg","width":2000,"height":798},{"@type":"BreadcrumbList","@id":"https:\/\/gite-flottant.fr\/en\/electric-boats-rentals\/#breadcrumb","itemListElement":[{"@type":"ListItem","position":1,"name":"Accueil","item":"https:\/\/gite-flottant.fr\/en\/"},{"@type":"ListItem","position":2,"name":"Electric boats rentals"}]},{"@type":"WebSite","@id":"https:\/\/gite-flottant.fr\/en\/#website","url":"https:\/\/gite-flottant.fr\/en\/","name":"Ti War An Dour - Maisons sur l&#039;eau","description":"H\u00e9bergements insolites flottants Bretagne","potentialAction":[{"@type":"SearchAction","target":{"@type":"EntryPoint","urlTemplate":"https:\/\/gite-flottant.fr\/en\/?s={search_term_string}"},"query-input":{"@type":"PropertyValueSpecification","valueRequired":true,"valueName":"search_term_string"}}],"inLanguage":"en-US"}]}},"jetpack_sharing_enabled":true,"jetpack_shortlink":"https:\/\/wp.me\/P8nqHB-lr","_links":{"self":[{"href":"https:\/\/gite-flottant.fr\/en\/wp-json\/wp\/v2\/pages\/1329"}],"collection":[{"href":"https:\/\/gite-flottant.fr\/en\/wp-json\/wp\/v2\/pages"}],"about":[{"href":"https:\/\/gite-flottant.fr\/en\/wp-json\/wp\/v2\/types\/page"}],"author":[{"embeddable":true,"href":"https:\/\/gite-flottant.fr\/en\/wp-json\/wp\/v2\/users\/1"}],"replies":[{"embeddable":true,"href":"https:\/\/gite-flottant.fr\/en\/wp-json\/wp\/v2\/comments?post=1329"}],"version-history":[{"count":7,"href":"https:\/\/gite-flottant.fr\/en\/wp-json\/wp\/v2\/pages\/1329\/revisions"}],"predecessor-version":[{"id":2948,"href":"https:\/\/gite-flottant.fr\/en\/wp-json\/wp\/v2\/pages\/1329\/revisions\/2948"}],"wp:featuredmedia":[{"embeddable":true,"href":"https:\/\/gite-flottant.fr\/en\/wp-json\/wp\/v2\/media\/1332"}],"wp:attachment":[{"href":"https:\/\/gite-flottant.fr\/en\/wp-json\/wp\/v2\/media?parent=1329"}],"curies":[{"name":"wp","href":"https:\/\/api.w.org\/{rel}","templated":true}]}}